{"id":7,"date":"2025-01-30T10:16:15","date_gmt":"2025-01-30T10:16:15","guid":{"rendered":"http:\/\/uno-park.local\/?page_id=7"},"modified":"2025-03-07T08:33:10","modified_gmt":"2025-03-07T08:33:10","slug":"apie-mus","status":"publish","type":"page","link":"https:\/\/unoparks.lt\/en\/apie-mus\/","title":{"rendered":"About us"},"content":{"rendered":"<p>Galb\u016bt J\u016bs esate menininkas &#8211; tuomet \u010dia pristatykite save ir savo darbus. Arba &#8211; jei tai verslo tinklalapis &#8211; \u012fra\u0161ykite \u010dia savo verslo misij\u0105.<\/p>","protected":false},"excerpt":{"rendered":"<p>Galb\u016bt J\u016bs esate menininkas &#8211; tuomet \u010dia pristatykite save ir savo darbus. Arba &#8211; jei tai verslo tinklalapis &#8211; \u012fra\u0161ykite \u010dia savo verslo misij\u0105.<\/p>","protected":false},"author":1,"featured_media":0,"parent":0,"menu_order":0,"comment_status":"closed","ping_status":"closed","template":"templates\/apie-mus.php","meta":{"_acf_changed":false,"footnotes":""},"class_list":["post-7","page","type-page","status-publish","hentry"],"acf":[],"_links":{"self":[{"href":"https:\/\/unoparks.lt\/en\/wp-json\/wp\/v2\/pages\/7","targetHints":{"allow":["GET"]}}],"collection":[{"href":"https:\/\/unoparks.lt\/en\/wp-json\/wp\/v2\/pages"}],"about":[{"href":"https:\/\/unoparks.lt\/en\/wp-json\/wp\/v2\/types\/page"}],"author":[{"embeddable":true,"href":"https:\/\/unoparks.lt\/en\/wp-json\/wp\/v2\/users\/1"}],"replies":[{"embeddable":true,"href":"https:\/\/unoparks.lt\/en\/wp-json\/wp\/v2\/comments?post=7"}],"version-history":[{"count":19,"href":"https:\/\/unoparks.lt\/en\/wp-json\/wp\/v2\/pages\/7\/revisions"}],"predecessor-version":[{"id":724,"href":"https:\/\/unoparks.lt\/en\/wp-json\/wp\/v2\/pages\/7\/revisions\/724"}],"wp:attachment":[{"href":"https:\/\/unoparks.lt\/en\/wp-json\/wp\/v2\/media?parent=7"}],"curies":[{"name":"wp","href":"https:\/\/api.w.org\/{rel}","templated":true}]}}