{"id":448,"date":"2025-02-19T08:06:54","date_gmt":"2025-02-19T08:06:54","guid":{"rendered":"https:\/\/unopark.webdemo.lt\/cart\/"},"modified":"2025-05-14T11:34:09","modified_gmt":"2025-05-14T08:34:09","slug":"krepselis","status":"publish","type":"page","link":"https:\/\/unoparks.lt\/en\/krepselis\/","title":{"rendered":"Cart"},"content":{"rendered":"<div data-block-name=\"woocommerce\/cart\" data-aos=\"fade-up\"  class=\"wp-block-woocommerce-cart alignwide is-loading\">\r\n<div data-block-name=\"woocommerce\/filled-cart-block\" class=\"wp-block-woocommerce-filled-cart-block\">\r\n<div data-block-name=\"woocommerce\/cart-items-block\" class=\"wp-block-woocommerce-cart-items-block\">\r\n<div data-block-name=\"woocommerce\/cart-line-items-block\" class=\"wp-block-woocommerce-cart-line-items-block\">\u00a0<\/div>\r\n\r\n\r\n\r\n<div data-block-name=\"woocommerce\/cart-cross-sells-block\" class=\"wp-block-woocommerce-cart-cross-sells-block\">\r\n<h2 class=\"wp-block-heading has-large-font-size\">You may be interested in\u2026<\/h2>\r\n\r\n\r\n\r\n<div data-block-name=\"woocommerce\/cart-cross-sells-products-block\" class=\"wp-block-woocommerce-cart-cross-sells-products-block\">\u00a0<\/div>\r\n<\/div>\r\n<\/div>\r\n\r\n\r\n\r\n<div data-block-name=\"woocommerce\/cart-totals-block\" class=\"wp-block-woocommerce-cart-totals-block\">\r\n<div data-block-name=\"woocommerce\/cart-order-summary-block\" class=\"wp-block-woocommerce-cart-order-summary-block\">\r\n<div data-block-name=\"woocommerce\/cart-order-summary-heading-block\" class=\"wp-block-woocommerce-cart-order-summary-heading-block\">\u00a0<\/div>\r\n\r\n\r\n\r\n<div data-block-name=\"woocommerce\/cart-order-summary-coupon-form-block\" class=\"wp-block-woocommerce-cart-order-summary-coupon-form-block\">\u00a0<\/div>\r\n\r\n\r\n\r\n\r\n\r\n\r\n\r\n\r\n\r\n\r\n\r\n\r\n\r\n\r\n\r\n\r\n\r\n\r\n\r\n<div data-block-name=\"woocommerce\/cart-order-summary-totals-block\" class=\"wp-block-woocommerce-cart-order-summary-totals-block\">\n<div data-block-name=\"woocommerce\/cart-order-summary-subtotal-block\" class=\"wp-block-woocommerce-cart-order-summary-subtotal-block\">\u00a0<\/div>\n<div data-block-name=\"woocommerce\/cart-order-summary-discount-block\" class=\"wp-block-woocommerce-cart-order-summary-discount-block\">\u00a0<\/div>\n<div data-block-name=\"woocommerce\/cart-order-summary-fee-block\" class=\"wp-block-woocommerce-cart-order-summary-fee-block\">\u00a0<\/div>\n<div data-block-name=\"woocommerce\/cart-order-summary-shipping-block\" class=\"wp-block-woocommerce-cart-order-summary-shipping-block\">\u00a0<\/div>\n<div data-block-name=\"woocommerce\/cart-order-summary-taxes-block\" class=\"wp-block-woocommerce-cart-order-summary-taxes-block\">\u00a0<\/div><\/div>\r\n<\/div>\r\n\r\n\r\n\r\n<div data-block-name=\"woocommerce\/cart-express-payment-block\" class=\"wp-block-woocommerce-cart-express-payment-block\">\u00a0<\/div>\r\n\r\n\r\n\r\n<div data-block-name=\"woocommerce\/proceed-to-checkout-block\" class=\"wp-block-woocommerce-proceed-to-checkout-block\">\u00a0<\/div>\r\n\r\n\r\n\r\n<div data-block-name=\"woocommerce\/cart-accepted-payment-methods-block\" class=\"wp-block-woocommerce-cart-accepted-payment-methods-block\">\u00a0<\/div>\r\n<\/div>\r\n<\/div>\r\n\r\n\r\n\r\n<div data-block-name=\"woocommerce\/empty-cart-block\" data-aos=\"fade-up\"  data-aos-delay=\"50\" class=\"wp-block-woocommerce-empty-cart-block\">\r\n<h2 data-aos=\"fade-up\"  data-aos-delay=\"100\" class=\"wp-block-heading has-text-align-center with-empty-cart-icon wc-block-cart__empty-cart__title\">J\u016bs\u0173 krep\u0161elis \u0161iuo metu tu\u0161\u010dias!<\/h2>\r\n\r\n\r\n<hr class=\"wp-block-separator has-alpha-channel-opacity is-style-dots\" \/>\r\n\r\n\r\n<h2 data-aos=\"fade-up\"  data-aos-delay=\"150\" class=\"wp-block-heading has-text-align-center\">Services<\/h2>\r\n\r\n\r\n<div data-aos=\"fade-up\"  data-aos-delay=\"200\" >\u00a0\r\n<div data-block-name=\"woocommerce\/product-new\" data-columns=\"4\" data-rows=\"1\" class=\"wc-block-grid wp-block-product-new wp-block-woocommerce-product-new wc-block-product-new has-4-columns\"><ul class=\"wc-block-grid__products\"><li class=\"wc-block-grid__product\"><span class=\"gtm4wp_productdata\" style=\"display:none; visibility:hidden;\" data-gtm4wp_product_data=\"{&quot;internal_id&quot;:1412,&quot;item_id&quot;:1412,&quot;item_name&quot;:&quot;Dovan\\u0173 kuponas 35\\u20ac | Specialus kuponas&quot;,&quot;sku&quot;:1412,&quot;price&quot;:35,&quot;stocklevel&quot;:null,&quot;stockstatus&quot;:&quot;instock&quot;,&quot;google_business_vertical&quot;:&quot;retail&quot;,&quot;item_category&quot;:&quot;Uncategorized&quot;,&quot;id&quot;:1412,&quot;productlink&quot;:&quot;https:\\\/\\\/unoparks.lt\\\/en\\\/bilietas\\\/dovanu-kuponas-35\\\/&quot;,&quot;item_list_name&quot;:&quot;General Product List&quot;,&quot;index&quot;:0,&quot;product_type&quot;:&quot;simple&quot;,&quot;item_brand&quot;:&quot;&quot;}\"><\/span>\n\t\t\t\t<a href=\"https:\/\/unoparks.lt\/en\/bilietas\/dovanu-kuponas-35\/\" class=\"wc-block-grid__product-link\">\n\t\t\t\t\t\n\t\t\t\t\t<div class=\"wc-block-grid__product-image\"><img loading=\"lazy\" decoding=\"async\" width=\"450\" height=\"450\" src=\"https:\/\/unoparks.lt\/wp-content\/uploads\/woocommerce-placeholder-450x450.png\" class=\"woocommerce-placeholder wp-post-image\" alt=\"\" srcset=\"https:\/\/unoparks.lt\/wp-content\/uploads\/woocommerce-placeholder-450x450.png 450w, https:\/\/unoparks.lt\/wp-content\/uploads\/woocommerce-placeholder-100x100.png 100w, https:\/\/unoparks.lt\/wp-content\/uploads\/woocommerce-placeholder-600x600.png 600w, https:\/\/unoparks.lt\/wp-content\/uploads\/woocommerce-placeholder-300x300.png 300w, https:\/\/unoparks.lt\/wp-content\/uploads\/woocommerce-placeholder-1024x1024.png 1024w, https:\/\/unoparks.lt\/wp-content\/uploads\/woocommerce-placeholder-150x150.png 150w, https:\/\/unoparks.lt\/wp-content\/uploads\/woocommerce-placeholder-768x768.png 768w, https:\/\/unoparks.lt\/wp-content\/uploads\/woocommerce-placeholder.png 1200w\" sizes=\"auto, (max-width: 450px) 100vw, 450px\" \/><\/div>\n\t\t\t\t\t<div class=\"wc-block-grid__product-title\">Dovan\u0173 kuponas 35\u20ac | Specialus kuponas<\/div>\n\t\t\t\t<\/a>\n\t\t\t\t<div class=\"wc-block-grid__product-price price\"><span class=\"woocommerce-Price-amount amount\">35,00&nbsp;<span class=\"woocommerce-Price-currencySymbol\">&euro;<\/span><\/span><\/div>\n\t\t\t\t\n\t\t\t\t<div class=\"wp-block-button wc-block-grid__product-add-to-cart\"><a href=\"\/en\/wp-json\/wp\/v2\/pages\/448?add-to-cart=1412\" aria-label=\"Add to cart: \u201cDovan\u0173 kuponas 35\u20ac | Specialus kuponas\u201d\" data-quantity=\"1\" data-product_id=\"1412\" data-product_sku=\"\" data-price=\"35\" rel=\"nofollow\" class=\"wp-block-button__link  add_to_cart_button ajax_add_to_cart\" data-no-translation=\"\" data-trp-gettext=\"\" data-no-translation-aria-label=\"\">Add to cart<\/a><\/div>\n\t\t\t<\/li><li class=\"wc-block-grid__product\"><span class=\"gtm4wp_productdata\" style=\"display:none; visibility:hidden;\" data-gtm4wp_product_data=\"{&quot;internal_id&quot;:1367,&quot;item_id&quot;:1367,&quot;item_name&quot;:&quot;Naktinis laipiojimas (grup\\u0117ms nuo 10 \\u017emoni\\u0173) | Kaunas&quot;,&quot;sku&quot;:1367,&quot;price&quot;:10,&quot;stocklevel&quot;:null,&quot;stockstatus&quot;:&quot;instock&quot;,&quot;google_business_vertical&quot;:&quot;retail&quot;,&quot;item_category&quot;:&quot;Kauno uno parkas&quot;,&quot;id&quot;:1367,&quot;productlink&quot;:&quot;https:\\\/\\\/unoparks.lt\\\/en\\\/bilietas\\\/naktinis-laipiojimas-grupems-nuo-10-zmoniu-kaunas\\\/&quot;,&quot;item_list_name&quot;:&quot;General Product List&quot;,&quot;index&quot;:0,&quot;product_type&quot;:&quot;simple&quot;,&quot;item_brand&quot;:&quot;&quot;}\"><\/span>\n\t\t\t\t<a href=\"https:\/\/unoparks.lt\/en\/bilietas\/naktinis-laipiojimas-grupems-nuo-10-zmoniu-kaunas\/\" class=\"wc-block-grid__product-link\">\n\t\t\t\t\t\n\t\t\t\t\t<div class=\"wc-block-grid__product-image\"><img loading=\"lazy\" decoding=\"async\" width=\"450\" height=\"450\" src=\"https:\/\/unoparks.lt\/wp-content\/uploads\/woocommerce-placeholder-450x450.png\" class=\"woocommerce-placeholder wp-post-image\" alt=\"\" srcset=\"https:\/\/unoparks.lt\/wp-content\/uploads\/woocommerce-placeholder-450x450.png 450w, https:\/\/unoparks.lt\/wp-content\/uploads\/woocommerce-placeholder-100x100.png 100w, https:\/\/unoparks.lt\/wp-content\/uploads\/woocommerce-placeholder-600x600.png 600w, https:\/\/unoparks.lt\/wp-content\/uploads\/woocommerce-placeholder-300x300.png 300w, https:\/\/unoparks.lt\/wp-content\/uploads\/woocommerce-placeholder-1024x1024.png 1024w, https:\/\/unoparks.lt\/wp-content\/uploads\/woocommerce-placeholder-150x150.png 150w, https:\/\/unoparks.lt\/wp-content\/uploads\/woocommerce-placeholder-768x768.png 768w, https:\/\/unoparks.lt\/wp-content\/uploads\/woocommerce-placeholder.png 1200w\" sizes=\"auto, (max-width: 450px) 100vw, 450px\" \/><\/div>\n\t\t\t\t\t<div class=\"wc-block-grid__product-title\">Naktinis laipiojimas (grup\u0117ms nuo 10 \u017emoni\u0173) | Kaunas<\/div>\n\t\t\t\t<\/a>\n\t\t\t\t<div class=\"wc-block-grid__product-price price\"><span class=\"woocommerce-Price-amount amount\">10,00&nbsp;<span class=\"woocommerce-Price-currencySymbol\">&euro;<\/span><\/span><\/div>\n\t\t\t\t\n\t\t\t\t<div class=\"wp-block-button wc-block-grid__product-add-to-cart\"><a href=\"\/en\/wp-json\/wp\/v2\/pages\/448?add-to-cart=1367\" aria-label=\"Add to cart: \u201cNaktinis laipiojimas (grup\u0117ms nuo 10 \u017emoni\u0173) | Kaunas\u201d\" data-quantity=\"1\" data-product_id=\"1367\" data-product_sku=\"\" data-price=\"10\" rel=\"nofollow\" class=\"wp-block-button__link  add_to_cart_button ajax_add_to_cart\" data-no-translation=\"\" data-trp-gettext=\"\" data-no-translation-aria-label=\"\">Add to cart<\/a><\/div>\n\t\t\t<\/li><li class=\"wc-block-grid__product\"><span class=\"gtm4wp_productdata\" style=\"display:none; visibility:hidden;\" data-gtm4wp_product_data=\"{&quot;internal_id&quot;:1366,&quot;item_id&quot;:1366,&quot;item_name&quot;:&quot;Vaikas | Vilnius&quot;,&quot;sku&quot;:1366,&quot;price&quot;:20,&quot;stocklevel&quot;:null,&quot;stockstatus&quot;:&quot;instock&quot;,&quot;google_business_vertical&quot;:&quot;retail&quot;,&quot;item_category&quot;:&quot;Vilniaus uno parkas&quot;,&quot;id&quot;:1366,&quot;productlink&quot;:&quot;https:\\\/\\\/unoparks.lt\\\/en\\\/bilietas\\\/vaikas-vilnius\\\/&quot;,&quot;item_list_name&quot;:&quot;General Product List&quot;,&quot;index&quot;:0,&quot;product_type&quot;:&quot;simple&quot;,&quot;item_brand&quot;:&quot;&quot;}\"><\/span>\n\t\t\t\t<a href=\"https:\/\/unoparks.lt\/en\/bilietas\/vaikas-vilnius\/\" class=\"wc-block-grid__product-link\">\n\t\t\t\t\t\n\t\t\t\t\t<div class=\"wc-block-grid__product-image\"><img loading=\"lazy\" decoding=\"async\" width=\"450\" height=\"450\" src=\"https:\/\/unoparks.lt\/wp-content\/uploads\/woocommerce-placeholder-450x450.png\" class=\"woocommerce-placeholder wp-post-image\" alt=\"\" srcset=\"https:\/\/unoparks.lt\/wp-content\/uploads\/woocommerce-placeholder-450x450.png 450w, https:\/\/unoparks.lt\/wp-content\/uploads\/woocommerce-placeholder-100x100.png 100w, https:\/\/unoparks.lt\/wp-content\/uploads\/woocommerce-placeholder-600x600.png 600w, https:\/\/unoparks.lt\/wp-content\/uploads\/woocommerce-placeholder-300x300.png 300w, https:\/\/unoparks.lt\/wp-content\/uploads\/woocommerce-placeholder-1024x1024.png 1024w, https:\/\/unoparks.lt\/wp-content\/uploads\/woocommerce-placeholder-150x150.png 150w, https:\/\/unoparks.lt\/wp-content\/uploads\/woocommerce-placeholder-768x768.png 768w, https:\/\/unoparks.lt\/wp-content\/uploads\/woocommerce-placeholder.png 1200w\" sizes=\"auto, (max-width: 450px) 100vw, 450px\" \/><\/div>\n\t\t\t\t\t<div class=\"wc-block-grid__product-title\">Vaikas | Vilnius<\/div>\n\t\t\t\t<\/a>\n\t\t\t\t<div class=\"wc-block-grid__product-price price\"><span class=\"woocommerce-Price-amount amount\">20,00&nbsp;<span class=\"woocommerce-Price-currencySymbol\">&euro;<\/span><\/span><\/div>\n\t\t\t\t\n\t\t\t\t<div class=\"wp-block-button wc-block-grid__product-add-to-cart\"><a href=\"\/en\/wp-json\/wp\/v2\/pages\/448?add-to-cart=1366\" aria-label=\"Add to cart: \u201cVaikas | Vilnius\u201d\" data-quantity=\"1\" data-product_id=\"1366\" data-product_sku=\"\" data-price=\"20\" rel=\"nofollow\" class=\"wp-block-button__link  add_to_cart_button ajax_add_to_cart\" data-no-translation=\"\" data-trp-gettext=\"\" data-no-translation-aria-label=\"\">Add to cart<\/a><\/div>\n\t\t\t<\/li><li class=\"wc-block-grid__product\"><span class=\"gtm4wp_productdata\" style=\"display:none; visibility:hidden;\" data-gtm4wp_product_data=\"{&quot;internal_id&quot;:1364,&quot;item_id&quot;:1364,&quot;item_name&quot;:&quot;Trasoje lydintis asmuo | Vilnius&quot;,&quot;sku&quot;:1364,&quot;price&quot;:10,&quot;stocklevel&quot;:null,&quot;stockstatus&quot;:&quot;instock&quot;,&quot;google_business_vertical&quot;:&quot;retail&quot;,&quot;item_category&quot;:&quot;Vilniaus uno parkas&quot;,&quot;id&quot;:1364,&quot;productlink&quot;:&quot;https:\\\/\\\/unoparks.lt\\\/en\\\/bilietas\\\/trasoje-lydintis-asmuo-vilnius\\\/&quot;,&quot;item_list_name&quot;:&quot;General Product List&quot;,&quot;index&quot;:0,&quot;product_type&quot;:&quot;simple&quot;,&quot;item_brand&quot;:&quot;&quot;}\"><\/span>\n\t\t\t\t<a href=\"https:\/\/unoparks.lt\/en\/bilietas\/trasoje-lydintis-asmuo-vilnius\/\" class=\"wc-block-grid__product-link\">\n\t\t\t\t\t\n\t\t\t\t\t<div class=\"wc-block-grid__product-image\"><img loading=\"lazy\" decoding=\"async\" width=\"450\" height=\"450\" src=\"https:\/\/unoparks.lt\/wp-content\/uploads\/woocommerce-placeholder-450x450.png\" class=\"woocommerce-placeholder wp-post-image\" alt=\"\" srcset=\"https:\/\/unoparks.lt\/wp-content\/uploads\/woocommerce-placeholder-450x450.png 450w, https:\/\/unoparks.lt\/wp-content\/uploads\/woocommerce-placeholder-100x100.png 100w, https:\/\/unoparks.lt\/wp-content\/uploads\/woocommerce-placeholder-600x600.png 600w, https:\/\/unoparks.lt\/wp-content\/uploads\/woocommerce-placeholder-300x300.png 300w, https:\/\/unoparks.lt\/wp-content\/uploads\/woocommerce-placeholder-1024x1024.png 1024w, https:\/\/unoparks.lt\/wp-content\/uploads\/woocommerce-placeholder-150x150.png 150w, https:\/\/unoparks.lt\/wp-content\/uploads\/woocommerce-placeholder-768x768.png 768w, https:\/\/unoparks.lt\/wp-content\/uploads\/woocommerce-placeholder.png 1200w\" sizes=\"auto, (max-width: 450px) 100vw, 450px\" \/><\/div>\n\t\t\t\t\t<div class=\"wc-block-grid__product-title\">Trasoje lydintis asmuo | Vilnius<\/div>\n\t\t\t\t<\/a>\n\t\t\t\t<div class=\"wc-block-grid__product-price price\"><span class=\"woocommerce-Price-amount amount\">10,00&nbsp;<span class=\"woocommerce-Price-currencySymbol\">&euro;<\/span><\/span><\/div>\n\t\t\t\t\n\t\t\t\t<div class=\"wp-block-button wc-block-grid__product-add-to-cart\"><a href=\"\/en\/wp-json\/wp\/v2\/pages\/448?add-to-cart=1364\" aria-label=\"Add to cart: \u201cTrasoje lydintis asmuo | Vilnius\u201d\" data-quantity=\"1\" data-product_id=\"1364\" data-product_sku=\"\" data-price=\"10\" rel=\"nofollow\" class=\"wp-block-button__link  add_to_cart_button ajax_add_to_cart\" data-no-translation=\"\" data-trp-gettext=\"\" data-no-translation-aria-label=\"\">Add to cart<\/a><\/div>\n\t\t\t<\/li><\/ul><\/div><\/div>\r\n<\/div>\r\n\r\n<\/div>","protected":false},"excerpt":{"rendered":"","protected":false},"author":1,"featured_media":0,"parent":0,"menu_order":0,"comment_status":"closed","ping_status":"closed","template":"","meta":{"_acf_changed":false,"footnotes":""},"class_list":["post-448","page","type-page","status-publish","hentry"],"acf":[],"_links":{"self":[{"href":"https:\/\/unoparks.lt\/en\/wp-json\/wp\/v2\/pages\/448","targetHints":{"allow":["GET"]}}],"collection":[{"href":"https:\/\/unoparks.lt\/en\/wp-json\/wp\/v2\/pages"}],"about":[{"href":"https:\/\/unoparks.lt\/en\/wp-json\/wp\/v2\/types\/page"}],"author":[{"embeddable":true,"href":"https:\/\/unoparks.lt\/en\/wp-json\/wp\/v2\/users\/1"}],"replies":[{"embeddable":true,"href":"https:\/\/unoparks.lt\/en\/wp-json\/wp\/v2\/comments?post=448"}],"version-history":[{"count":16,"href":"https:\/\/unoparks.lt\/en\/wp-json\/wp\/v2\/pages\/448\/revisions"}],"predecessor-version":[{"id":537,"href":"https:\/\/unoparks.lt\/en\/wp-json\/wp\/v2\/pages\/448\/revisions\/537"}],"wp:attachment":[{"href":"https:\/\/unoparks.lt\/en\/wp-json\/wp\/v2\/media?parent=448"}],"curies":[{"name":"wp","href":"https:\/\/api.w.org\/{rel}","templated":true}]}}